{"id":241,"date":"2023-03-09T10:18:07","date_gmt":"2023-03-09T09:18:07","guid":{"rendered":"https:\/\/tanatorioiznajar.com\/?page_id=241"},"modified":"2023-03-09T11:08:13","modified_gmt":"2023-03-09T10:08:13","slug":"accesibilidad","status":"publish","type":"page","link":"https:\/\/tanatorioiznajar.com\/en\/accesibilidad\/","title":{"rendered":"Accessibility"},"content":{"rendered":"<p><a href=\"https:\/\/tanatorioiznajar.com\/en\/\">tanatorioiznajar.com<\/a> is committed to making its website accessible in accordance with&nbsp;<a href=\"https:\/\/www.boe.es\/diario_boe\/txt.php?id=BOE-A-2018-12699\" target=\"_blank\" rel=\"noreferrer noopener\">Royal Decree 1112\/2018, of September 7, on accessibility of public sector websites and applications for mobile devices<\/a><\/p>\n\n\n\n<p>This accessibility statement applies to the following website&nbsp;<a href=\"https:\/\/tanatorioiznajar.com\/en\/\">https:\/tanatorioiznajar.com\/ <\/a>excluding embedded content from other domains.<\/p>\n\n\n\n<p>This website is partially compliant with the&nbsp;<a href=\"https:\/\/www.boe.es\/buscar\/act.php?id=BOE-A-2018-12699\" target=\"_blank\" rel=\"noreferrer noopener\">RD 1112\/2018<\/a>&nbsp;due to exceptions and non-conformity of different aspects.<\/p>","protected":false},"excerpt":{"rendered":"<p>tanatorioiznajar.com se ha comprometido a hacer accesible su sitio web de conformidad con&nbsp;el Real Decreto 1112\/2018, de 7 de septiembre, sobre accesibilidad de los sitios web y aplicaciones para dispositivos m\u00f3viles del sector p\u00fablico La presente declaraci\u00f3n de accesibilidad se aplica al sitio web&nbsp;https:\/tanatorioiznajar.com\/ excluyendo los contenidos incrustados provenientes de otros dominios. Este sitio web &#8230; <a title=\"Accessibility\" class=\"read-more\" href=\"https:\/\/tanatorioiznajar.com\/en\/accesibilidad\/\" aria-label=\"Read more about Accesibilidad\">Read more<\/a><\/p>","protected":false},"author":1,"featured_media":0,"parent":0,"menu_order":0,"comment_status":"closed","ping_status":"closed","template":"","meta":{"_monsterinsights_skip_tracking":false,"_monsterinsights_sitenote_active":false,"_monsterinsights_sitenote_note":"","_monsterinsights_sitenote_category":0,"footnotes":""},"class_list":["post-241","page","type-page","status-publish"],"yoast_head":"<!-- This site is optimized with the Yoast SEO plugin v27.4 - https:\/\/yoast.com\/product\/yoast-seo-wordpress\/ -->\n<title>Accesibilidad - tanatorioiznajar.com<\/title>\n<meta name=\"robots\" content=\"index, follow, max-snippet:-1, max-image-preview:large, max-video-preview:-1\" \/>\n<link rel=\"canonical\" href=\"https:\/\/tanatorioiznajar.com\/en\/accesibilidad\/\" \/>\n<meta property=\"og:locale\" content=\"en_US\" \/>\n<meta property=\"og:type\" content=\"article\" \/>\n<meta property=\"og:title\" content=\"Accesibilidad - tanatorioiznajar.com\" \/>\n<meta property=\"og:description\" content=\"tanatorioiznajar.com se ha comprometido a hacer accesible su sitio web de conformidad con&nbsp;el Real Decreto 1112\/2018, de 7 de septiembre, sobre accesibilidad de los sitios web y aplicaciones para dispositivos m\u00f3viles del sector p\u00fablico La presente declaraci\u00f3n de accesibilidad se aplica al sitio web&nbsp;https:\/tanatorioiznajar.com\/ excluyendo los contenidos incrustados provenientes de otros dominios. Este sitio web ... Read more\" \/>\n<meta property=\"og:url\" content=\"https:\/\/tanatorioiznajar.com\/en\/accesibilidad\/\" \/>\n<meta property=\"og:site_name\" content=\"tanatorioiznajar.com\" \/>\n<meta property=\"article:publisher\" content=\"https:\/\/www.facebook.com\/tanatoriodeiznajar.funeraria\/\" \/>\n<meta property=\"article:modified_time\" content=\"2023-03-09T10:08:13+00:00\" \/>\n<meta name=\"twitter:card\" content=\"summary_large_image\" \/>\n<meta name=\"twitter:label1\" content=\"Est. reading time\" \/>\n\t<meta name=\"twitter:data1\" content=\"1 minute\" \/>\n<script type=\"application\/ld+json\" class=\"yoast-schema-graph\">{\"@context\":\"https:\\\/\\\/schema.org\",\"@graph\":[{\"@type\":\"WebPage\",\"@id\":\"https:\\\/\\\/tanatorioiznajar.com\\\/accesibilidad\\\/\",\"url\":\"https:\\\/\\\/tanatorioiznajar.com\\\/accesibilidad\\\/\",\"name\":\"Accesibilidad - tanatorioiznajar.com\",\"isPartOf\":{\"@id\":\"https:\\\/\\\/tanatorioiznajar.com\\\/#website\"},\"datePublished\":\"2023-03-09T09:18:07+00:00\",\"dateModified\":\"2023-03-09T10:08:13+00:00\",\"breadcrumb\":{\"@id\":\"https:\\\/\\\/tanatorioiznajar.com\\\/accesibilidad\\\/#breadcrumb\"},\"inLanguage\":\"en-US\",\"potentialAction\":[{\"@type\":\"ReadAction\",\"target\":[\"https:\\\/\\\/tanatorioiznajar.com\\\/accesibilidad\\\/\"]}]},{\"@type\":\"BreadcrumbList\",\"@id\":\"https:\\\/\\\/tanatorioiznajar.com\\\/accesibilidad\\\/#breadcrumb\",\"itemListElement\":[{\"@type\":\"ListItem\",\"position\":1,\"name\":\"Portada\",\"item\":\"https:\\\/\\\/tanatorioiznajar.com\\\/\"},{\"@type\":\"ListItem\",\"position\":2,\"name\":\"Accesibilidad\"}]},{\"@type\":\"WebSite\",\"@id\":\"https:\\\/\\\/tanatorioiznajar.com\\\/#website\",\"url\":\"https:\\\/\\\/tanatorioiznajar.com\\\/\",\"name\":\"tanatorioiznajar.com\",\"description\":\"Tanatorio de Izn&aacute;jar\",\"publisher\":{\"@id\":\"https:\\\/\\\/tanatorioiznajar.com\\\/#organization\"},\"potentialAction\":[{\"@type\":\"SearchAction\",\"target\":{\"@type\":\"EntryPoint\",\"urlTemplate\":\"https:\\\/\\\/tanatorioiznajar.com\\\/?s={search_term_string}\"},\"query-input\":{\"@type\":\"PropertyValueSpecification\",\"valueRequired\":true,\"valueName\":\"search_term_string\"}}],\"inLanguage\":\"en-US\"},{\"@type\":\"Organization\",\"@id\":\"https:\\\/\\\/tanatorioiznajar.com\\\/#organization\",\"name\":\"Tanatorio De Izn\u00e1jar Funeraria Ntra. Sra de la Piedad\",\"url\":\"https:\\\/\\\/tanatorioiznajar.com\\\/\",\"logo\":{\"@type\":\"ImageObject\",\"inLanguage\":\"en-US\",\"@id\":\"https:\\\/\\\/tanatorioiznajar.com\\\/#\\\/schema\\\/logo\\\/image\\\/\",\"url\":\"https:\\\/\\\/tanatorioiznajar.com\\\/wp-content\\\/uploads\\\/2023\\\/03\\\/cropped-LOGO.jpg\",\"contentUrl\":\"https:\\\/\\\/tanatorioiznajar.com\\\/wp-content\\\/uploads\\\/2023\\\/03\\\/cropped-LOGO.jpg\",\"width\":1132,\"height\":560,\"caption\":\"Tanatorio De Izn\u00e1jar Funeraria Ntra. Sra de la Piedad\"},\"image\":{\"@id\":\"https:\\\/\\\/tanatorioiznajar.com\\\/#\\\/schema\\\/logo\\\/image\\\/\"},\"sameAs\":[\"https:\\\/\\\/www.facebook.com\\\/tanatoriodeiznajar.funeraria\\\/\"]}]}<\/script>\n<!-- \/ Yoast SEO plugin. -->","yoast_head_json":{"title":"Accesibilidad - tanatorioiznajar.com","robots":{"index":"index","follow":"follow","max-snippet":"max-snippet:-1","max-image-preview":"max-image-preview:large","max-video-preview":"max-video-preview:-1"},"canonical":"https:\/\/tanatorioiznajar.com\/en\/accesibilidad\/","og_locale":"en_US","og_type":"article","og_title":"Accesibilidad - tanatorioiznajar.com","og_description":"tanatorioiznajar.com se ha comprometido a hacer accesible su sitio web de conformidad con&nbsp;el Real Decreto 1112\/2018, de 7 de septiembre, sobre accesibilidad de los sitios web y aplicaciones para dispositivos m\u00f3viles del sector p\u00fablico La presente declaraci\u00f3n de accesibilidad se aplica al sitio web&nbsp;https:\/tanatorioiznajar.com\/ excluyendo los contenidos incrustados provenientes de otros dominios. Este sitio web ... Read more","og_url":"https:\/\/tanatorioiznajar.com\/en\/accesibilidad\/","og_site_name":"tanatorioiznajar.com","article_publisher":"https:\/\/www.facebook.com\/tanatoriodeiznajar.funeraria\/","article_modified_time":"2023-03-09T10:08:13+00:00","twitter_card":"summary_large_image","twitter_misc":{"Est. reading time":"1 minute"},"schema":{"@context":"https:\/\/schema.org","@graph":[{"@type":"WebPage","@id":"https:\/\/tanatorioiznajar.com\/accesibilidad\/","url":"https:\/\/tanatorioiznajar.com\/accesibilidad\/","name":"Accesibilidad - tanatorioiznajar.com","isPartOf":{"@id":"https:\/\/tanatorioiznajar.com\/#website"},"datePublished":"2023-03-09T09:18:07+00:00","dateModified":"2023-03-09T10:08:13+00:00","breadcrumb":{"@id":"https:\/\/tanatorioiznajar.com\/accesibilidad\/#breadcrumb"},"inLanguage":"en-US","potentialAction":[{"@type":"ReadAction","target":["https:\/\/tanatorioiznajar.com\/accesibilidad\/"]}]},{"@type":"BreadcrumbList","@id":"https:\/\/tanatorioiznajar.com\/accesibilidad\/#breadcrumb","itemListElement":[{"@type":"ListItem","position":1,"name":"Portada","item":"https:\/\/tanatorioiznajar.com\/"},{"@type":"ListItem","position":2,"name":"Accesibilidad"}]},{"@type":"WebSite","@id":"https:\/\/tanatorioiznajar.com\/#website","url":"https:\/\/tanatorioiznajar.com\/","name":"tanatorioiznajar.com","description":"Tanatorio de Izn&aacute;jar","publisher":{"@id":"https:\/\/tanatorioiznajar.com\/#organization"},"potentialAction":[{"@type":"SearchAction","target":{"@type":"EntryPoint","urlTemplate":"https:\/\/tanatorioiznajar.com\/?s={search_term_string}"},"query-input":{"@type":"PropertyValueSpecification","valueRequired":true,"valueName":"search_term_string"}}],"inLanguage":"en-US"},{"@type":"Organization","@id":"https:\/\/tanatorioiznajar.com\/#organization","name":"Tanatorio De Izn\u00e1jar Funeraria Ntra. Sra de la Piedad","url":"https:\/\/tanatorioiznajar.com\/","logo":{"@type":"ImageObject","inLanguage":"en-US","@id":"https:\/\/tanatorioiznajar.com\/#\/schema\/logo\/image\/","url":"https:\/\/tanatorioiznajar.com\/wp-content\/uploads\/2023\/03\/cropped-LOGO.jpg","contentUrl":"https:\/\/tanatorioiznajar.com\/wp-content\/uploads\/2023\/03\/cropped-LOGO.jpg","width":1132,"height":560,"caption":"Tanatorio De Izn\u00e1jar Funeraria Ntra. Sra de la Piedad"},"image":{"@id":"https:\/\/tanatorioiznajar.com\/#\/schema\/logo\/image\/"},"sameAs":["https:\/\/www.facebook.com\/tanatoriodeiznajar.funeraria\/"]}]}},"_links":{"self":[{"href":"https:\/\/tanatorioiznajar.com\/en\/wp-json\/wp\/v2\/pages\/241","targetHints":{"allow":["GET"]}}],"collection":[{"href":"https:\/\/tanatorioiznajar.com\/en\/wp-json\/wp\/v2\/pages"}],"about":[{"href":"https:\/\/tanatorioiznajar.com\/en\/wp-json\/wp\/v2\/types\/page"}],"author":[{"embeddable":true,"href":"https:\/\/tanatorioiznajar.com\/en\/wp-json\/wp\/v2\/users\/1"}],"replies":[{"embeddable":true,"href":"https:\/\/tanatorioiznajar.com\/en\/wp-json\/wp\/v2\/comments?post=241"}],"version-history":[{"count":3,"href":"https:\/\/tanatorioiznajar.com\/en\/wp-json\/wp\/v2\/pages\/241\/revisions"}],"predecessor-version":[{"id":297,"href":"https:\/\/tanatorioiznajar.com\/en\/wp-json\/wp\/v2\/pages\/241\/revisions\/297"}],"wp:attachment":[{"href":"https:\/\/tanatorioiznajar.com\/en\/wp-json\/wp\/v2\/media?parent=241"}],"curies":[{"name":"wp","href":"https:\/\/api.w.org\/{rel}","templated":true}]}}