{"id":36,"date":"2023-03-08T14:36:41","date_gmt":"2023-03-08T13:36:41","guid":{"rendered":"https:\/\/tanatorioiznajar.com\/?page_id=36"},"modified":"2024-06-20T11:10:57","modified_gmt":"2024-06-20T10:10:57","slug":"contacto","status":"publish","type":"page","link":"https:\/\/tanatorioiznajar.com\/en\/contacto\/","title":{"rendered":"Contacto"},"content":{"rendered":"\t\t<div data-elementor-type=\"wp-page\" data-elementor-id=\"36\" class=\"elementor elementor-36\">\n\t\t\t\t\t\t<section class=\"elementor-section elementor-top-section elementor-element elementor-element-76985b2 elementor-section-content-middle elementor-section-boxed elementor-section-height-default elementor-section-height-default\" data-id=\"76985b2\" data-element_type=\"section\" data-e-type=\"section\" data-settings=\"{&quot;background_background&quot;:&quot;gradient&quot;}\">\n\t\t\t\t\t\t<div class=\"elementor-container elementor-column-gap-default\">\n\t\t\t\t\t<div class=\"elementor-column elementor-col-100 elementor-top-column elementor-element elementor-element-36d3089\" data-id=\"36d3089\" data-element_type=\"column\" data-e-type=\"column\">\n\t\t\t<div class=\"elementor-widget-wrap elementor-element-populated\">\n\t\t\t\t\t\t<div class=\"elementor-element elementor-element-17335ac elementor-widget elementor-widget-heading\" data-id=\"17335ac\" data-element_type=\"widget\" data-e-type=\"widget\" data-widget_type=\"heading.default\">\n\t\t\t\t<div class=\"elementor-widget-container\">\n\t\t\t\t\t<h2 class=\"elementor-heading-title elementor-size-default\">Contacte con nosotros<\/h2>\t\t\t\t<\/div>\n\t\t\t\t<\/div>\n\t\t\t\t<section class=\"elementor-section elementor-inner-section elementor-element elementor-element-d74ddaa elementor-section-content-middle elementor-section-boxed elementor-section-height-default elementor-section-height-default\" data-id=\"d74ddaa\" data-element_type=\"section\" data-e-type=\"section\">\n\t\t\t\t\t\t<div class=\"elementor-container elementor-column-gap-custom\">\n\t\t\t\t\t<div class=\"elementor-column elementor-col-50 elementor-inner-column elementor-element elementor-element-675cc57\" data-id=\"675cc57\" data-element_type=\"column\" data-e-type=\"column\">\n\t\t\t<div class=\"elementor-widget-wrap elementor-element-populated\">\n\t\t\t\t\t\t<div class=\"elementor-element elementor-element-e5de7f0 eael-wpforms-form-button-full-width eael-wpforms-labels-yes elementor-widget elementor-widget-eael-wpforms\" data-id=\"e5de7f0\" data-element_type=\"widget\" data-e-type=\"widget\" data-widget_type=\"eael-wpforms.default\">\n\t\t\t\t<div class=\"elementor-widget-container\">\n\t\t\t\t\t            <div class=\"eael-contact-form eael-wpforms eael-wpforms-align-center\">\n                                <div class=\"wpforms-container wpforms-container-full\" id=\"wpforms-38\"><form id=\"wpforms-form-38\" class=\"wpforms-validate wpforms-form wpforms-ajax-form\" data-formid=\"38\" method=\"post\" enctype=\"multipart\/form-data\" action=\"\/en\/wp-json\/wp\/v2\/pages\/36\" data-token=\"73146b202338b1d902441d9f36b73567\" data-token-time=\"1776678466\"><noscript class=\"wpforms-error-noscript\">Please enable JavaScript in your browser to complete this form.<\/noscript><div class=\"wpforms-field-container\"><div id=\"wpforms-38-field_0-container\" class=\"wpforms-field wpforms-field-name\" data-field-id=\"0\"><label class=\"wpforms-field-label\" for=\"wpforms-38-field_0\">Nombre <span class=\"wpforms-required-label\">*<\/span><\/label><input type=\"text\" id=\"wpforms-38-field_0\" class=\"wpforms-field-medium wpforms-field-required\" name=\"wpforms[fields][0]\" required><\/div><div id=\"wpforms-38-field_1-container\" class=\"wpforms-field wpforms-field-email\" data-field-id=\"1\"><label class=\"wpforms-field-label\" for=\"wpforms-38-field_1\">Correo electr\u00f3nico <span class=\"wpforms-required-label\">*<\/span><\/label><input type=\"email\" id=\"wpforms-38-field_1\" class=\"wpforms-field-medium wpforms-field-required\" name=\"wpforms[fields][1]\" spellcheck=\"false\" required><\/div><div id=\"wpforms-38-field_4-container\" class=\"wpforms-field wpforms-field-text\" data-field-id=\"4\"><label class=\"wpforms-field-label\" for=\"wpforms-38-field_4\">Tel\u00e9fono <span class=\"wpforms-required-label\">*<\/span><\/label><input type=\"text\" id=\"wpforms-38-field_4\" class=\"wpforms-field-medium wpforms-field-required\" name=\"wpforms[fields][4]\" required><\/div><div id=\"wpforms-38-field_2-container\" class=\"wpforms-field wpforms-field-textarea\" data-field-id=\"2\"><label class=\"wpforms-field-label\" for=\"wpforms-38-field_2\">Comentario o mensaje<\/label><textarea id=\"wpforms-38-field_2\" class=\"wpforms-field-medium\" name=\"wpforms[fields][2]\" ><\/textarea><\/div><div id=\"wpforms-38-field_5-container\" class=\"wpforms-field wpforms-field-payment-checkbox\" data-field-id=\"5\"><label class=\"wpforms-field-label\">Consentimiento <span class=\"wpforms-required-label\">*<\/span><\/label><ul id=\"wpforms-38-field_5\" class=\"wpforms-field-required\"><li class=\"choice-1\"><input type=\"checkbox\" id=\"wpforms-38-field_5_1\" class=\"wpforms-payment-price\" data-amount=\"10.00\" name=\"wpforms[fields][5][]\" value=\"1\" required ><label class=\"wpforms-field-label-inline\" for=\"wpforms-38-field_5_1\">Acepto las pol\u00edticas de privacidad del sitio web y a que nos pongamos en contacto contigo a trav\u00e9s de alguna de las v\u00edas de contacto indicadas en el formulario, alegando ser el\/la propietaria\/o de estas.<\/label><\/li><\/ul><\/div><\/div><!-- .wpforms-field-container --><div class=\"wpforms-submit-container\" ><input type=\"hidden\" name=\"wpforms[id]\" value=\"38\"><input type=\"hidden\" name=\"page_title\" value=\"\"><input type=\"hidden\" name=\"page_url\" value=\"https:\/\/tanatorioiznajar.com\/en\/wp-json\/wp\/v2\/pages\/36\"><input type=\"hidden\" name=\"url_referer\" value=\"\"><button type=\"submit\" name=\"wpforms[submit]\" id=\"wpforms-submit-38\" class=\"wpforms-submit\" data-alt-text=\"Enviando...\" data-submit-text=\"Enviar\" aria-live=\"assertive\" value=\"wpforms-submit\">Enviar<\/button><img decoding=\"async\" src=\"https:\/\/tanatorioiznajar.com\/wp-content\/plugins\/wpforms-lite\/assets\/images\/submit-spin.svg\" class=\"wpforms-submit-spinner\" style=\"display: none;\" width=\"26\" height=\"26\" alt=\"Loading\"><\/div><\/form><\/div>  <!-- .wpforms-container -->            <\/div>\n\t\t\t\t<\/div>\n\t\t\t\t<\/div>\n\t\t\t\t\t<\/div>\n\t\t<\/div>\n\t\t\t\t<div class=\"elementor-column elementor-col-50 elementor-inner-column elementor-element elementor-element-7f948b9\" data-id=\"7f948b9\" data-element_type=\"column\" data-e-type=\"column\">\n\t\t\t<div class=\"elementor-widget-wrap elementor-element-populated\">\n\t\t\t\t\t\t<div class=\"elementor-element elementor-element-ad20489 elementor-widget elementor-widget-google_maps\" data-id=\"ad20489\" data-element_type=\"widget\" data-e-type=\"widget\" data-widget_type=\"google_maps.default\">\n\t\t\t\t<div class=\"elementor-widget-container\">\n\t\t\t\t\t\t\t<div class=\"elementor-custom-embed\">\n\t\t\t<iframe loading=\"lazy\"\n\t\t\t\t\tsrc=\"https:\/\/maps.google.com\/maps?q=Calle%20Dr.%20Molina%20L%C3%B3pez%2C%2032%2C%20Izn%C3%A1jar&#038;t=m&#038;z=17&#038;output=embed&#038;iwloc=near\"\n\t\t\t\t\ttitle=\"Calle Dr. Molina L\u00f3pez, 32, Izn\u00e1jar\"\n\t\t\t\t\taria-label=\"Calle Dr. Molina L\u00f3pez, 32, Izn\u00e1jar\"\n\t\t\t><\/iframe>\n\t\t<\/div>\n\t\t\t\t\t\t<\/div>\n\t\t\t\t<\/div>\n\t\t\t\t\t<\/div>\n\t\t<\/div>\n\t\t\t\t\t<\/div>\n\t\t<\/section>\n\t\t\t\t\t<\/div>\n\t\t<\/div>\n\t\t\t\t\t<\/div>\n\t\t<\/section>\n\t\t\t\t<\/div>\n\t\t","protected":false},"excerpt":{"rendered":"<p>Contacte con nosotros Por favor, activa JavaScript en tu navegador para completar este formulario.Nombre *Correo electr\u00f3nico *Tel\u00e9fono *Comentario o mensajeConsentimiento * Acepto las pol\u00edticas de privacidad del sitio web y a que nos pongamos en contacto contigo a trav\u00e9s de alguna de las v\u00edas de contacto indicadas en el formulario, alegando ser el\/la propietaria\/o de &#8230; <a title=\"Contacto\" class=\"read-more\" href=\"https:\/\/tanatorioiznajar.com\/en\/contacto\/\" aria-label=\"Read more about Contacto\">Read more<\/a><\/p>","protected":false},"author":1,"featured_media":0,"parent":0,"menu_order":0,"comment_status":"closed","ping_status":"closed","template":"","meta":{"_monsterinsights_skip_tracking":false,"_monsterinsights_sitenote_active":false,"_monsterinsights_sitenote_note":"","_monsterinsights_sitenote_category":0,"footnotes":""},"class_list":["post-36","page","type-page","status-publish"],"yoast_head":"<!-- This site is optimized with the Yoast SEO plugin v27.4 - https:\/\/yoast.com\/product\/yoast-seo-wordpress\/ -->\n<title>Contacto - tanatorioiznajar.com<\/title>\n<meta name=\"description\" content=\"Estamos a tu disposici\u00f3n para atenderte personalmente, cont\u00e1ctanos rellenando este formulario de contacto para obtener m\u00e1s informaci\u00f3n.\" \/>\n<meta name=\"robots\" content=\"index, follow, max-snippet:-1, max-image-preview:large, max-video-preview:-1\" \/>\n<link rel=\"canonical\" href=\"https:\/\/tanatorioiznajar.com\/en\/contacto\/\" \/>\n<meta property=\"og:locale\" content=\"en_US\" \/>\n<meta property=\"og:type\" content=\"article\" \/>\n<meta property=\"og:title\" content=\"Contacto - tanatorioiznajar.com\" \/>\n<meta property=\"og:description\" content=\"Estamos a tu disposici\u00f3n para atenderte personalmente, cont\u00e1ctanos rellenando este formulario de contacto para obtener m\u00e1s informaci\u00f3n.\" \/>\n<meta property=\"og:url\" content=\"https:\/\/tanatorioiznajar.com\/en\/contacto\/\" \/>\n<meta property=\"og:site_name\" content=\"tanatorioiznajar.com\" \/>\n<meta property=\"article:publisher\" content=\"https:\/\/www.facebook.com\/tanatoriodeiznajar.funeraria\/\" \/>\n<meta property=\"article:modified_time\" content=\"2024-06-20T10:10:57+00:00\" \/>\n<meta property=\"og:image\" content=\"https:\/\/tanatorioiznajar.com\/wp-content\/plugins\/wpforms-lite\/assets\/images\/submit-spin.svg\" \/>\n<meta name=\"twitter:card\" content=\"summary_large_image\" \/>\n<meta name=\"twitter:label1\" content=\"Est. reading time\" \/>\n\t<meta name=\"twitter:data1\" content=\"1 minute\" \/>\n<script type=\"application\/ld+json\" class=\"yoast-schema-graph\">{\"@context\":\"https:\\\/\\\/schema.org\",\"@graph\":[{\"@type\":\"WebPage\",\"@id\":\"https:\\\/\\\/tanatorioiznajar.com\\\/contacto\\\/\",\"url\":\"https:\\\/\\\/tanatorioiznajar.com\\\/contacto\\\/\",\"name\":\"Contacto - tanatorioiznajar.com\",\"isPartOf\":{\"@id\":\"https:\\\/\\\/tanatorioiznajar.com\\\/#website\"},\"primaryImageOfPage\":{\"@id\":\"https:\\\/\\\/tanatorioiznajar.com\\\/contacto\\\/#primaryimage\"},\"image\":{\"@id\":\"https:\\\/\\\/tanatorioiznajar.com\\\/contacto\\\/#primaryimage\"},\"thumbnailUrl\":\"https:\\\/\\\/tanatorioiznajar.com\\\/wp-content\\\/plugins\\\/wpforms-lite\\\/assets\\\/images\\\/submit-spin.svg\",\"datePublished\":\"2023-03-08T13:36:41+00:00\",\"dateModified\":\"2024-06-20T10:10:57+00:00\",\"description\":\"Estamos a tu disposici\u00f3n para atenderte personalmente, cont\u00e1ctanos rellenando este formulario de contacto para obtener m\u00e1s informaci\u00f3n.\",\"breadcrumb\":{\"@id\":\"https:\\\/\\\/tanatorioiznajar.com\\\/contacto\\\/#breadcrumb\"},\"inLanguage\":\"en-US\",\"potentialAction\":[{\"@type\":\"ReadAction\",\"target\":[\"https:\\\/\\\/tanatorioiznajar.com\\\/contacto\\\/\"]}]},{\"@type\":\"ImageObject\",\"inLanguage\":\"en-US\",\"@id\":\"https:\\\/\\\/tanatorioiznajar.com\\\/contacto\\\/#primaryimage\",\"url\":\"https:\\\/\\\/tanatorioiznajar.com\\\/wp-content\\\/plugins\\\/wpforms-lite\\\/assets\\\/images\\\/submit-spin.svg\",\"contentUrl\":\"https:\\\/\\\/tanatorioiznajar.com\\\/wp-content\\\/plugins\\\/wpforms-lite\\\/assets\\\/images\\\/submit-spin.svg\"},{\"@type\":\"BreadcrumbList\",\"@id\":\"https:\\\/\\\/tanatorioiznajar.com\\\/contacto\\\/#breadcrumb\",\"itemListElement\":[{\"@type\":\"ListItem\",\"position\":1,\"name\":\"Portada\",\"item\":\"https:\\\/\\\/tanatorioiznajar.com\\\/\"},{\"@type\":\"ListItem\",\"position\":2,\"name\":\"Contacto\"}]},{\"@type\":\"WebSite\",\"@id\":\"https:\\\/\\\/tanatorioiznajar.com\\\/#website\",\"url\":\"https:\\\/\\\/tanatorioiznajar.com\\\/\",\"name\":\"tanatorioiznajar.com\",\"description\":\"Tanatorio de Izn&aacute;jar\",\"publisher\":{\"@id\":\"https:\\\/\\\/tanatorioiznajar.com\\\/#organization\"},\"potentialAction\":[{\"@type\":\"SearchAction\",\"target\":{\"@type\":\"EntryPoint\",\"urlTemplate\":\"https:\\\/\\\/tanatorioiznajar.com\\\/?s={search_term_string}\"},\"query-input\":{\"@type\":\"PropertyValueSpecification\",\"valueRequired\":true,\"valueName\":\"search_term_string\"}}],\"inLanguage\":\"en-US\"},{\"@type\":\"Organization\",\"@id\":\"https:\\\/\\\/tanatorioiznajar.com\\\/#organization\",\"name\":\"Tanatorio De Izn\u00e1jar Funeraria Ntra. Sra de la Piedad\",\"url\":\"https:\\\/\\\/tanatorioiznajar.com\\\/\",\"logo\":{\"@type\":\"ImageObject\",\"inLanguage\":\"en-US\",\"@id\":\"https:\\\/\\\/tanatorioiznajar.com\\\/#\\\/schema\\\/logo\\\/image\\\/\",\"url\":\"https:\\\/\\\/tanatorioiznajar.com\\\/wp-content\\\/uploads\\\/2023\\\/03\\\/cropped-LOGO.jpg\",\"contentUrl\":\"https:\\\/\\\/tanatorioiznajar.com\\\/wp-content\\\/uploads\\\/2023\\\/03\\\/cropped-LOGO.jpg\",\"width\":1132,\"height\":560,\"caption\":\"Tanatorio De Izn\u00e1jar Funeraria Ntra. Sra de la Piedad\"},\"image\":{\"@id\":\"https:\\\/\\\/tanatorioiznajar.com\\\/#\\\/schema\\\/logo\\\/image\\\/\"},\"sameAs\":[\"https:\\\/\\\/www.facebook.com\\\/tanatoriodeiznajar.funeraria\\\/\"]}]}<\/script>\n<!-- \/ Yoast SEO plugin. -->","yoast_head_json":{"title":"Contacto - tanatorioiznajar.com","description":"Estamos a tu disposici\u00f3n para atenderte personalmente, cont\u00e1ctanos rellenando este formulario de contacto para obtener m\u00e1s informaci\u00f3n.","robots":{"index":"index","follow":"follow","max-snippet":"max-snippet:-1","max-image-preview":"max-image-preview:large","max-video-preview":"max-video-preview:-1"},"canonical":"https:\/\/tanatorioiznajar.com\/en\/contacto\/","og_locale":"en_US","og_type":"article","og_title":"Contacto - tanatorioiznajar.com","og_description":"Estamos a tu disposici\u00f3n para atenderte personalmente, cont\u00e1ctanos rellenando este formulario de contacto para obtener m\u00e1s informaci\u00f3n.","og_url":"https:\/\/tanatorioiznajar.com\/en\/contacto\/","og_site_name":"tanatorioiznajar.com","article_publisher":"https:\/\/www.facebook.com\/tanatoriodeiznajar.funeraria\/","article_modified_time":"2024-06-20T10:10:57+00:00","og_image":[{"url":"https:\/\/tanatorioiznajar.com\/wp-content\/plugins\/wpforms-lite\/assets\/images\/submit-spin.svg","type":"","width":"","height":""}],"twitter_card":"summary_large_image","twitter_misc":{"Est. reading time":"1 minute"},"schema":{"@context":"https:\/\/schema.org","@graph":[{"@type":"WebPage","@id":"https:\/\/tanatorioiznajar.com\/contacto\/","url":"https:\/\/tanatorioiznajar.com\/contacto\/","name":"Contacto - tanatorioiznajar.com","isPartOf":{"@id":"https:\/\/tanatorioiznajar.com\/#website"},"primaryImageOfPage":{"@id":"https:\/\/tanatorioiznajar.com\/contacto\/#primaryimage"},"image":{"@id":"https:\/\/tanatorioiznajar.com\/contacto\/#primaryimage"},"thumbnailUrl":"https:\/\/tanatorioiznajar.com\/wp-content\/plugins\/wpforms-lite\/assets\/images\/submit-spin.svg","datePublished":"2023-03-08T13:36:41+00:00","dateModified":"2024-06-20T10:10:57+00:00","description":"Estamos a tu disposici\u00f3n para atenderte personalmente, cont\u00e1ctanos rellenando este formulario de contacto para obtener m\u00e1s informaci\u00f3n.","breadcrumb":{"@id":"https:\/\/tanatorioiznajar.com\/contacto\/#breadcrumb"},"inLanguage":"en-US","potentialAction":[{"@type":"ReadAction","target":["https:\/\/tanatorioiznajar.com\/contacto\/"]}]},{"@type":"ImageObject","inLanguage":"en-US","@id":"https:\/\/tanatorioiznajar.com\/contacto\/#primaryimage","url":"https:\/\/tanatorioiznajar.com\/wp-content\/plugins\/wpforms-lite\/assets\/images\/submit-spin.svg","contentUrl":"https:\/\/tanatorioiznajar.com\/wp-content\/plugins\/wpforms-lite\/assets\/images\/submit-spin.svg"},{"@type":"BreadcrumbList","@id":"https:\/\/tanatorioiznajar.com\/contacto\/#breadcrumb","itemListElement":[{"@type":"ListItem","position":1,"name":"Portada","item":"https:\/\/tanatorioiznajar.com\/"},{"@type":"ListItem","position":2,"name":"Contacto"}]},{"@type":"WebSite","@id":"https:\/\/tanatorioiznajar.com\/#website","url":"https:\/\/tanatorioiznajar.com\/","name":"tanatorioiznajar.com","description":"Tanatorio de Izn&aacute;jar","publisher":{"@id":"https:\/\/tanatorioiznajar.com\/#organization"},"potentialAction":[{"@type":"SearchAction","target":{"@type":"EntryPoint","urlTemplate":"https:\/\/tanatorioiznajar.com\/?s={search_term_string}"},"query-input":{"@type":"PropertyValueSpecification","valueRequired":true,"valueName":"search_term_string"}}],"inLanguage":"en-US"},{"@type":"Organization","@id":"https:\/\/tanatorioiznajar.com\/#organization","name":"Tanatorio De Izn\u00e1jar Funeraria Ntra. Sra de la Piedad","url":"https:\/\/tanatorioiznajar.com\/","logo":{"@type":"ImageObject","inLanguage":"en-US","@id":"https:\/\/tanatorioiznajar.com\/#\/schema\/logo\/image\/","url":"https:\/\/tanatorioiznajar.com\/wp-content\/uploads\/2023\/03\/cropped-LOGO.jpg","contentUrl":"https:\/\/tanatorioiznajar.com\/wp-content\/uploads\/2023\/03\/cropped-LOGO.jpg","width":1132,"height":560,"caption":"Tanatorio De Izn\u00e1jar Funeraria Ntra. Sra de la Piedad"},"image":{"@id":"https:\/\/tanatorioiznajar.com\/#\/schema\/logo\/image\/"},"sameAs":["https:\/\/www.facebook.com\/tanatoriodeiznajar.funeraria\/"]}]}},"_links":{"self":[{"href":"https:\/\/tanatorioiznajar.com\/en\/wp-json\/wp\/v2\/pages\/36","targetHints":{"allow":["GET"]}}],"collection":[{"href":"https:\/\/tanatorioiznajar.com\/en\/wp-json\/wp\/v2\/pages"}],"about":[{"href":"https:\/\/tanatorioiznajar.com\/en\/wp-json\/wp\/v2\/types\/page"}],"author":[{"embeddable":true,"href":"https:\/\/tanatorioiznajar.com\/en\/wp-json\/wp\/v2\/users\/1"}],"replies":[{"embeddable":true,"href":"https:\/\/tanatorioiznajar.com\/en\/wp-json\/wp\/v2\/comments?post=36"}],"version-history":[{"count":51,"href":"https:\/\/tanatorioiznajar.com\/en\/wp-json\/wp\/v2\/pages\/36\/revisions"}],"predecessor-version":[{"id":2489,"href":"https:\/\/tanatorioiznajar.com\/en\/wp-json\/wp\/v2\/pages\/36\/revisions\/2489"}],"wp:attachment":[{"href":"https:\/\/tanatorioiznajar.com\/en\/wp-json\/wp\/v2\/media?parent=36"}],"curies":[{"name":"wp","href":"https:\/\/api.w.org\/{rel}","templated":true}]}}