{"id":782,"date":"2023-03-10T14:30:10","date_gmt":"2023-03-10T13:30:10","guid":{"rendered":"https:\/\/tanatorioiznajar.com\/?page_id=782"},"modified":"2026-04-14T10:10:31","modified_gmt":"2026-04-14T09:10:31","slug":"sala-1","status":"publish","type":"page","link":"https:\/\/tanatorioiznajar.com\/en\/sala-1\/","title":{"rendered":"Room 1"},"content":{"rendered":"\t\t<div data-elementor-type=\"wp-page\" data-elementor-id=\"782\" class=\"elementor elementor-782\">\n\t\t\t\t\t\t<section class=\"elementor-section elementor-top-section elementor-element elementor-element-1561688 elementor-section-boxed elementor-section-height-default elementor-section-height-default\" data-id=\"1561688\" data-element_type=\"section\" data-e-type=\"section\">\n\t\t\t\t\t\t<div class=\"elementor-container elementor-column-gap-default\">\n\t\t\t\t\t<div class=\"elementor-column elementor-col-100 elementor-top-column elementor-element elementor-element-099f244\" data-id=\"099f244\" data-element_type=\"column\" data-e-type=\"column\">\n\t\t\t<div class=\"elementor-widget-wrap elementor-element-populated\">\n\t\t\t\t\t\t<div class=\"elementor-element elementor-element-ac201b5 elementor-widget elementor-widget-heading\" data-id=\"ac201b5\" data-element_type=\"widget\" data-e-type=\"widget\" data-widget_type=\"heading.default\">\n\t\t\t\t<div class=\"elementor-widget-container\">\n\t\t\t\t\t<h2 class=\"elementor-heading-title elementor-size-default\">Sala 1<\/h2>\t\t\t\t<\/div>\n\t\t\t\t<\/div>\n\t\t\t\t<section class=\"elementor-section elementor-inner-section elementor-element elementor-element-4daf429 elementor-section-boxed elementor-section-height-default elementor-section-height-default\" data-id=\"4daf429\" data-element_type=\"section\" data-e-type=\"section\">\n\t\t\t\t\t\t<div class=\"elementor-container elementor-column-gap-default\">\n\t\t\t\t\t<div class=\"elementor-column elementor-col-100 elementor-inner-column elementor-element elementor-element-211e91c\" data-id=\"211e91c\" data-element_type=\"column\" data-e-type=\"column\">\n\t\t\t<div class=\"elementor-widget-wrap elementor-element-populated\">\n\t\t\t\t\t\t\t<\/div>\n\t\t<\/div>\n\t\t\t\t\t<\/div>\n\t\t<\/section>\n\t\t\t\t\t<\/div>\n\t\t<\/div>\n\t\t\t\t\t<\/div>\n\t\t<\/section>\n\t\t\t\t<section class=\"elementor-section elementor-top-section elementor-element elementor-element-277f579 elementor-section-boxed elementor-section-height-default elementor-section-height-default\" data-id=\"277f579\" data-element_type=\"section\" data-e-type=\"section\" id=\"pesame\">\n\t\t\t\t\t\t<div class=\"elementor-container elementor-column-gap-default\">\n\t\t\t\t\t<div class=\"elementor-column elementor-col-100 elementor-top-column elementor-element elementor-element-b633bba\" data-id=\"b633bba\" data-element_type=\"column\" data-e-type=\"column\">\n\t\t\t<div class=\"elementor-widget-wrap elementor-element-populated\">\n\t\t\t\t\t\t<div class=\"elementor-element elementor-element-8e76cb4 eael-wpforms-form-button-full-width eael-wpforms-labels-yes elementor-widget elementor-widget-eael-wpforms\" data-id=\"8e76cb4\" data-element_type=\"widget\" data-e-type=\"widget\" data-widget_type=\"eael-wpforms.default\">\n\t\t\t\t<div class=\"elementor-widget-container\">\n\t\t\t\t\t            <div class=\"eael-contact-form eael-wpforms title-description-hide eael-wpforms-align-default\">\n                                    <div class=\"eael-wpforms-heading\">\n                                                    <h3 class=\"eael-contact-form-title eael-wpforms-title\">\n                                Enviar condolencias                            <\/h3>\n                                                                    <\/div>\n                                <div class=\"wpforms-container wpforms-container-full\" id=\"wpforms-787\"><form id=\"wpforms-form-787\" class=\"wpforms-validate wpforms-form wpforms-ajax-form\" data-formid=\"787\" method=\"post\" enctype=\"multipart\/form-data\" action=\"\/en\/wp-json\/wp\/v2\/pages\/782\" data-token=\"3af1ab2ff5c5dbd840cbde70d046a606\" data-token-time=\"1776350005\"><noscript class=\"wpforms-error-noscript\">Please enable JavaScript in your browser to complete this form.<\/noscript><div class=\"wpforms-field-container\"><div id=\"wpforms-787-field_1-container\" class=\"wpforms-field wpforms-field-name\" data-field-id=\"1\"><label class=\"wpforms-field-label\" for=\"wpforms-787-field_1\">Nombre <span class=\"wpforms-required-label\">*<\/span><\/label><input type=\"text\" id=\"wpforms-787-field_1\" class=\"wpforms-field-medium wpforms-field-required\" name=\"wpforms[fields][1]\" required><\/div><div id=\"wpforms-787-field_3-container\" class=\"wpforms-field wpforms-field-text salaPesame\" data-field-id=\"3\"><label class=\"wpforms-field-label\" for=\"wpforms-787-field_3\">Sala <span class=\"wpforms-required-label\">*<\/span><\/label><input type=\"text\" id=\"wpforms-787-field_3\" class=\"wpforms-field-medium wpforms-field-required\" name=\"wpforms[fields][3]\" required><\/div><div id=\"wpforms-787-field_4-container\" class=\"wpforms-field wpforms-field-email\" data-field-id=\"4\"><label class=\"wpforms-field-label\" for=\"wpforms-787-field_4\">Correo electr\u00f3nico <span class=\"wpforms-required-label\">*<\/span><\/label><input type=\"email\" id=\"wpforms-787-field_4\" class=\"wpforms-field-medium wpforms-field-required\" name=\"wpforms[fields][4]\" spellcheck=\"false\" required><\/div><div id=\"wpforms-787-field_2-container\" class=\"wpforms-field wpforms-field-textarea\" data-field-id=\"2\"><label class=\"wpforms-field-label\" for=\"wpforms-787-field_2\">Mensaje <span class=\"wpforms-required-label\">*<\/span><\/label><textarea id=\"wpforms-787-field_2\" class=\"wpforms-field-medium wpforms-field-required\" name=\"wpforms[fields][2]\" required><\/textarea><\/div><div id=\"wpforms-787-field_5-container\" class=\"wpforms-field wpforms-field-payment-checkbox\" data-field-id=\"5\"><label class=\"wpforms-field-label\">Consentimiento <span class=\"wpforms-required-label\">*<\/span><\/label><ul id=\"wpforms-787-field_5\" class=\"wpforms-field-required\"><li class=\"choice-1\"><input type=\"checkbox\" id=\"wpforms-787-field_5_1\" class=\"wpforms-payment-price\" data-amount=\"10.00\" name=\"wpforms[fields][5][]\" value=\"1\" required ><label class=\"wpforms-field-label-inline\" for=\"wpforms-787-field_5_1\">Acepto las pol\u00edticas de privacidad del sitio web y a que nos pongamos en contacto contigo a trav\u00e9s de alguna de las v\u00edas de contacto indicadas en el formulario, alegando ser el\/la propietaria\/o de estas.<\/label><\/li><\/ul><\/div><\/div><!-- .wpforms-field-container --><div class=\"wpforms-submit-container\" ><input type=\"hidden\" name=\"wpforms[id]\" value=\"787\"><input type=\"hidden\" name=\"page_title\" value=\"\"><input type=\"hidden\" name=\"page_url\" value=\"https:\/\/tanatorioiznajar.com\/en\/wp-json\/wp\/v2\/pages\/782\"><input type=\"hidden\" name=\"url_referer\" value=\"\"><button type=\"submit\" name=\"wpforms[submit]\" id=\"wpforms-submit-787\" class=\"wpforms-submit\" data-alt-text=\"Enviando...\" data-submit-text=\"Enviar\" aria-live=\"assertive\" value=\"wpforms-submit\">Enviar<\/button><img decoding=\"async\" src=\"https:\/\/tanatorioiznajar.com\/wp-content\/plugins\/wpforms-lite\/assets\/images\/submit-spin.svg\" class=\"wpforms-submit-spinner\" style=\"display: none;\" width=\"26\" height=\"26\" alt=\"Loading\"><\/div><\/form><\/div>  <!-- .wpforms-container -->            <\/div>\n\t\t\t\t<\/div>\n\t\t\t\t<\/div>\n\t\t\t\t\t<\/div>\n\t\t<\/div>\n\t\t\t\t\t<\/div>\n\t\t<\/section>\n\t\t\t\t<\/div>\n\t\t","protected":false},"excerpt":{"rendered":"<p>Sala 1 Enviar condolencias Por favor, activa JavaScript en tu navegador para completar este formulario.Nombre *Sala *Correo electr\u00f3nico *Mensaje *Consentimiento * Acepto las pol\u00edticas de privacidad del sitio web y a que nos pongamos en contacto contigo a trav\u00e9s de alguna de las v\u00edas de contacto indicadas en el formulario, alegando ser el\/la propietaria\/o de &#8230; <a title=\"Room 1\" class=\"read-more\" href=\"https:\/\/tanatorioiznajar.com\/en\/sala-1\/\" aria-label=\"Read more about Sala 1\">Read more<\/a><\/p>","protected":false},"author":1,"featured_media":0,"parent":0,"menu_order":0,"comment_status":"closed","ping_status":"closed","template":"","meta":{"_monsterinsights_skip_tracking":false,"_monsterinsights_sitenote_active":false,"_monsterinsights_sitenote_note":"","_monsterinsights_sitenote_category":0,"footnotes":""},"class_list":["post-782","page","type-page","status-publish"],"yoast_head":"<!-- This site is optimized with the Yoast SEO plugin v27.3 - https:\/\/yoast.com\/product\/yoast-seo-wordpress\/ -->\n<title>Sala 1 - tanatorioiznajar.com<\/title>\n<meta name=\"robots\" content=\"index, follow, max-snippet:-1, max-image-preview:large, max-video-preview:-1\" \/>\n<link rel=\"canonical\" href=\"https:\/\/tanatorioiznajar.com\/en\/sala-1\/\" \/>\n<meta property=\"og:locale\" content=\"en_US\" \/>\n<meta property=\"og:type\" content=\"article\" \/>\n<meta property=\"og:title\" content=\"Sala 1 - tanatorioiznajar.com\" \/>\n<meta property=\"og:description\" content=\"Sala 1 Enviar condolencias Por favor, activa JavaScript en tu navegador para completar este formulario.Nombre *Sala *Correo electr\u00f3nico *Mensaje *Consentimiento * Acepto las pol\u00edticas de privacidad del sitio web y a que nos pongamos en contacto contigo a trav\u00e9s de alguna de las v\u00edas de contacto indicadas en el formulario, alegando ser el\/la propietaria\/o de ... Read more\" \/>\n<meta property=\"og:url\" content=\"https:\/\/tanatorioiznajar.com\/en\/sala-1\/\" \/>\n<meta property=\"og:site_name\" content=\"tanatorioiznajar.com\" \/>\n<meta property=\"article:publisher\" content=\"https:\/\/www.facebook.com\/tanatoriodeiznajar.funeraria\/\" \/>\n<meta property=\"article:modified_time\" content=\"2026-04-14T09:10:31+00:00\" \/>\n<meta property=\"og:image\" content=\"https:\/\/tanatorioiznajar.com\/wp-content\/plugins\/wpforms-lite\/assets\/images\/submit-spin.svg\" \/>\n<meta name=\"twitter:card\" content=\"summary_large_image\" \/>\n<meta name=\"twitter:label1\" content=\"Est. reading time\" \/>\n\t<meta name=\"twitter:data1\" content=\"1 minute\" \/>\n<script type=\"application\/ld+json\" class=\"yoast-schema-graph\">{\"@context\":\"https:\\\/\\\/schema.org\",\"@graph\":[{\"@type\":\"WebPage\",\"@id\":\"https:\\\/\\\/tanatorioiznajar.com\\\/sala-1\\\/\",\"url\":\"https:\\\/\\\/tanatorioiznajar.com\\\/sala-1\\\/\",\"name\":\"Sala 1 - tanatorioiznajar.com\",\"isPartOf\":{\"@id\":\"https:\\\/\\\/tanatorioiznajar.com\\\/#website\"},\"primaryImageOfPage\":{\"@id\":\"https:\\\/\\\/tanatorioiznajar.com\\\/sala-1\\\/#primaryimage\"},\"image\":{\"@id\":\"https:\\\/\\\/tanatorioiznajar.com\\\/sala-1\\\/#primaryimage\"},\"thumbnailUrl\":\"https:\\\/\\\/tanatorioiznajar.com\\\/wp-content\\\/plugins\\\/wpforms-lite\\\/assets\\\/images\\\/submit-spin.svg\",\"datePublished\":\"2023-03-10T13:30:10+00:00\",\"dateModified\":\"2026-04-14T09:10:31+00:00\",\"breadcrumb\":{\"@id\":\"https:\\\/\\\/tanatorioiznajar.com\\\/sala-1\\\/#breadcrumb\"},\"inLanguage\":\"en-US\",\"potentialAction\":[{\"@type\":\"ReadAction\",\"target\":[\"https:\\\/\\\/tanatorioiznajar.com\\\/sala-1\\\/\"]}]},{\"@type\":\"ImageObject\",\"inLanguage\":\"en-US\",\"@id\":\"https:\\\/\\\/tanatorioiznajar.com\\\/sala-1\\\/#primaryimage\",\"url\":\"https:\\\/\\\/tanatorioiznajar.com\\\/wp-content\\\/plugins\\\/wpforms-lite\\\/assets\\\/images\\\/submit-spin.svg\",\"contentUrl\":\"https:\\\/\\\/tanatorioiznajar.com\\\/wp-content\\\/plugins\\\/wpforms-lite\\\/assets\\\/images\\\/submit-spin.svg\"},{\"@type\":\"BreadcrumbList\",\"@id\":\"https:\\\/\\\/tanatorioiznajar.com\\\/sala-1\\\/#breadcrumb\",\"itemListElement\":[{\"@type\":\"ListItem\",\"position\":1,\"name\":\"Portada\",\"item\":\"https:\\\/\\\/tanatorioiznajar.com\\\/\"},{\"@type\":\"ListItem\",\"position\":2,\"name\":\"Sala 1\"}]},{\"@type\":\"WebSite\",\"@id\":\"https:\\\/\\\/tanatorioiznajar.com\\\/#website\",\"url\":\"https:\\\/\\\/tanatorioiznajar.com\\\/\",\"name\":\"tanatorioiznajar.com\",\"description\":\"Tanatorio de Izn&aacute;jar\",\"publisher\":{\"@id\":\"https:\\\/\\\/tanatorioiznajar.com\\\/#organization\"},\"potentialAction\":[{\"@type\":\"SearchAction\",\"target\":{\"@type\":\"EntryPoint\",\"urlTemplate\":\"https:\\\/\\\/tanatorioiznajar.com\\\/?s={search_term_string}\"},\"query-input\":{\"@type\":\"PropertyValueSpecification\",\"valueRequired\":true,\"valueName\":\"search_term_string\"}}],\"inLanguage\":\"en-US\"},{\"@type\":\"Organization\",\"@id\":\"https:\\\/\\\/tanatorioiznajar.com\\\/#organization\",\"name\":\"Tanatorio De Izn\u00e1jar Funeraria Ntra. Sra de la Piedad\",\"url\":\"https:\\\/\\\/tanatorioiznajar.com\\\/\",\"logo\":{\"@type\":\"ImageObject\",\"inLanguage\":\"en-US\",\"@id\":\"https:\\\/\\\/tanatorioiznajar.com\\\/#\\\/schema\\\/logo\\\/image\\\/\",\"url\":\"https:\\\/\\\/tanatorioiznajar.com\\\/wp-content\\\/uploads\\\/2023\\\/03\\\/cropped-LOGO.jpg\",\"contentUrl\":\"https:\\\/\\\/tanatorioiznajar.com\\\/wp-content\\\/uploads\\\/2023\\\/03\\\/cropped-LOGO.jpg\",\"width\":1132,\"height\":560,\"caption\":\"Tanatorio De Izn\u00e1jar Funeraria Ntra. Sra de la Piedad\"},\"image\":{\"@id\":\"https:\\\/\\\/tanatorioiznajar.com\\\/#\\\/schema\\\/logo\\\/image\\\/\"},\"sameAs\":[\"https:\\\/\\\/www.facebook.com\\\/tanatoriodeiznajar.funeraria\\\/\"]}]}<\/script>\n<!-- \/ Yoast SEO plugin. -->","yoast_head_json":{"title":"Sala 1 - tanatorioiznajar.com","robots":{"index":"index","follow":"follow","max-snippet":"max-snippet:-1","max-image-preview":"max-image-preview:large","max-video-preview":"max-video-preview:-1"},"canonical":"https:\/\/tanatorioiznajar.com\/en\/sala-1\/","og_locale":"en_US","og_type":"article","og_title":"Sala 1 - tanatorioiznajar.com","og_description":"Sala 1 Enviar condolencias Por favor, activa JavaScript en tu navegador para completar este formulario.Nombre *Sala *Correo electr\u00f3nico *Mensaje *Consentimiento * Acepto las pol\u00edticas de privacidad del sitio web y a que nos pongamos en contacto contigo a trav\u00e9s de alguna de las v\u00edas de contacto indicadas en el formulario, alegando ser el\/la propietaria\/o de ... Read more","og_url":"https:\/\/tanatorioiznajar.com\/en\/sala-1\/","og_site_name":"tanatorioiznajar.com","article_publisher":"https:\/\/www.facebook.com\/tanatoriodeiznajar.funeraria\/","article_modified_time":"2026-04-14T09:10:31+00:00","og_image":[{"url":"https:\/\/tanatorioiznajar.com\/wp-content\/plugins\/wpforms-lite\/assets\/images\/submit-spin.svg","type":"","width":"","height":""}],"twitter_card":"summary_large_image","twitter_misc":{"Est. reading time":"1 minute"},"schema":{"@context":"https:\/\/schema.org","@graph":[{"@type":"WebPage","@id":"https:\/\/tanatorioiznajar.com\/sala-1\/","url":"https:\/\/tanatorioiznajar.com\/sala-1\/","name":"Sala 1 - tanatorioiznajar.com","isPartOf":{"@id":"https:\/\/tanatorioiznajar.com\/#website"},"primaryImageOfPage":{"@id":"https:\/\/tanatorioiznajar.com\/sala-1\/#primaryimage"},"image":{"@id":"https:\/\/tanatorioiznajar.com\/sala-1\/#primaryimage"},"thumbnailUrl":"https:\/\/tanatorioiznajar.com\/wp-content\/plugins\/wpforms-lite\/assets\/images\/submit-spin.svg","datePublished":"2023-03-10T13:30:10+00:00","dateModified":"2026-04-14T09:10:31+00:00","breadcrumb":{"@id":"https:\/\/tanatorioiznajar.com\/sala-1\/#breadcrumb"},"inLanguage":"en-US","potentialAction":[{"@type":"ReadAction","target":["https:\/\/tanatorioiznajar.com\/sala-1\/"]}]},{"@type":"ImageObject","inLanguage":"en-US","@id":"https:\/\/tanatorioiznajar.com\/sala-1\/#primaryimage","url":"https:\/\/tanatorioiznajar.com\/wp-content\/plugins\/wpforms-lite\/assets\/images\/submit-spin.svg","contentUrl":"https:\/\/tanatorioiznajar.com\/wp-content\/plugins\/wpforms-lite\/assets\/images\/submit-spin.svg"},{"@type":"BreadcrumbList","@id":"https:\/\/tanatorioiznajar.com\/sala-1\/#breadcrumb","itemListElement":[{"@type":"ListItem","position":1,"name":"Portada","item":"https:\/\/tanatorioiznajar.com\/"},{"@type":"ListItem","position":2,"name":"Sala 1"}]},{"@type":"WebSite","@id":"https:\/\/tanatorioiznajar.com\/#website","url":"https:\/\/tanatorioiznajar.com\/","name":"tanatorioiznajar.com","description":"Tanatorio de Izn&aacute;jar","publisher":{"@id":"https:\/\/tanatorioiznajar.com\/#organization"},"potentialAction":[{"@type":"SearchAction","target":{"@type":"EntryPoint","urlTemplate":"https:\/\/tanatorioiznajar.com\/?s={search_term_string}"},"query-input":{"@type":"PropertyValueSpecification","valueRequired":true,"valueName":"search_term_string"}}],"inLanguage":"en-US"},{"@type":"Organization","@id":"https:\/\/tanatorioiznajar.com\/#organization","name":"Tanatorio De Izn\u00e1jar Funeraria Ntra. Sra de la Piedad","url":"https:\/\/tanatorioiznajar.com\/","logo":{"@type":"ImageObject","inLanguage":"en-US","@id":"https:\/\/tanatorioiznajar.com\/#\/schema\/logo\/image\/","url":"https:\/\/tanatorioiznajar.com\/wp-content\/uploads\/2023\/03\/cropped-LOGO.jpg","contentUrl":"https:\/\/tanatorioiznajar.com\/wp-content\/uploads\/2023\/03\/cropped-LOGO.jpg","width":1132,"height":560,"caption":"Tanatorio De Izn\u00e1jar Funeraria Ntra. Sra de la Piedad"},"image":{"@id":"https:\/\/tanatorioiznajar.com\/#\/schema\/logo\/image\/"},"sameAs":["https:\/\/www.facebook.com\/tanatoriodeiznajar.funeraria\/"]}]}},"_links":{"self":[{"href":"https:\/\/tanatorioiznajar.com\/en\/wp-json\/wp\/v2\/pages\/782","targetHints":{"allow":["GET"]}}],"collection":[{"href":"https:\/\/tanatorioiznajar.com\/en\/wp-json\/wp\/v2\/pages"}],"about":[{"href":"https:\/\/tanatorioiznajar.com\/en\/wp-json\/wp\/v2\/types\/page"}],"author":[{"embeddable":true,"href":"https:\/\/tanatorioiznajar.com\/en\/wp-json\/wp\/v2\/users\/1"}],"replies":[{"embeddable":true,"href":"https:\/\/tanatorioiznajar.com\/en\/wp-json\/wp\/v2\/comments?post=782"}],"version-history":[{"count":756,"href":"https:\/\/tanatorioiznajar.com\/en\/wp-json\/wp\/v2\/pages\/782\/revisions"}],"predecessor-version":[{"id":3885,"href":"https:\/\/tanatorioiznajar.com\/en\/wp-json\/wp\/v2\/pages\/782\/revisions\/3885"}],"wp:attachment":[{"href":"https:\/\/tanatorioiznajar.com\/en\/wp-json\/wp\/v2\/media?parent=782"}],"curies":[{"name":"wp","href":"https:\/\/api.w.org\/{rel}","templated":true}]}}