{"id":95,"date":"2023-03-08T16:08:14","date_gmt":"2023-03-08T15:08:14","guid":{"rendered":"https:\/\/tanatorioiznajar.com\/?page_id=95"},"modified":"2023-12-27T19:21:14","modified_gmt":"2023-12-27T18:21:14","slug":"floristeria","status":"publish","type":"page","link":"https:\/\/tanatorioiznajar.com\/en\/floristeria\/","title":{"rendered":"Florister\u00eda"},"content":{"rendered":"<div data-elementor-type=\"wp-page\" data-elementor-id=\"95\" class=\"elementor elementor-95\">\n\t\t\t\t\t\t<section class=\"elementor-section elementor-top-section elementor-element elementor-element-029ba92 elementor-section-content-middle elementor-section-boxed elementor-section-height-default elementor-section-height-default\" data-id=\"029ba92\" data-element_type=\"section\" data-e-type=\"section\" data-settings=\"{&quot;background_background&quot;:&quot;classic&quot;}\">\n\t\t\t\t\t\t\t<div class=\"elementor-background-overlay\"><\/div>\n\t\t\t\t\t\t\t<div class=\"elementor-container elementor-column-gap-default\">\n\t\t\t\t\t<div class=\"elementor-column elementor-col-100 elementor-top-column elementor-element elementor-element-4dc1be2\" data-id=\"4dc1be2\" data-element_type=\"column\" data-e-type=\"column\">\n\t\t\t<div class=\"elementor-widget-wrap elementor-element-populated\">\n\t\t\t\t\t\t<div class=\"elementor-element elementor-element-db45e9a elementor-widget elementor-widget-heading\" data-id=\"db45e9a\" data-element_type=\"widget\" data-e-type=\"widget\" data-widget_type=\"heading.default\">\n\t\t\t\t<div class=\"elementor-widget-container\">\n\t\t\t\t\t<h2 class=\"elementor-heading-title elementor-size-default\">Florist service<\/h2>\t\t\t\t<\/div>\n\t\t\t\t<\/div>\n\t\t\t\t<section class=\"elementor-section elementor-inner-section elementor-element elementor-element-813b40a elementor-section-content-middle elementor-section-boxed elementor-section-height-default elementor-section-height-default\" data-id=\"813b40a\" data-element_type=\"section\" data-e-type=\"section\">\n\t\t\t\t\t\t<div class=\"elementor-container elementor-column-gap-custom\">\n\t\t\t\t\t<div class=\"elementor-column elementor-col-50 elementor-inner-column elementor-element elementor-element-d00bb4b\" data-id=\"d00bb4b\" data-element_type=\"column\" data-e-type=\"column\">\n\t\t\t<div class=\"elementor-widget-wrap elementor-element-populated\">\n\t\t\t\t\t\t<div class=\"elementor-element elementor-element-32c5b06 elementor-widget elementor-widget-text-editor\" data-id=\"32c5b06\" data-element_type=\"widget\" data-e-type=\"widget\" data-widget_type=\"text-editor.default\">\n\t\t\t\t<div class=\"elementor-widget-container\">\n\t\t\t\t\t\t\t\t\t<p>We offer a florist service to honor your loved one. In difficult times, flowers are a way to express love and respect.<\/p><p>Nosotros nos encargaremos de preparar arreglos florales personalizados y elegantes para acompa\u00f1ar el \u00faltimo adi\u00f3s. Tenemos a su disposici\u00f3n centros, ramos y coronas que pueden encargar por tel\u00e9fono o v\u00eda whatsapp,\u00a0 para obtener m\u00e1s informaci\u00f3n.<\/p>\t\t\t\t\t\t\t\t<\/div>\n\t\t\t\t<\/div>\n\t\t\t\t<div class=\"elementor-element elementor-element-02e3f40 elementor-widget elementor-widget-text-editor\" data-id=\"02e3f40\" data-element_type=\"widget\" data-e-type=\"widget\" data-widget_type=\"text-editor.default\">\n\t\t\t\t<div class=\"elementor-widget-container\">\n\t\t\t\t\t\t\t\t\t<p><a href=\"tel:679615597\">679615597<\/a><br \/><a href=\"tel:679472134\">679472134<\/a><\/p>\t\t\t\t\t\t\t\t<\/div>\n\t\t\t\t<\/div>\n\t\t\t\t\t<\/div>\n\t\t<\/div>\n\t\t\t\t<div class=\"elementor-column elementor-col-50 elementor-inner-column elementor-element elementor-element-a7e8f2d\" data-id=\"a7e8f2d\" data-element_type=\"column\" data-e-type=\"column\">\n\t\t\t<div class=\"elementor-widget-wrap elementor-element-populated\">\n\t\t\t\t\t\t<div class=\"elementor-element elementor-element-5d33632 elementor-hidden-tablet elementor-hidden-mobile elementor-widget elementor-widget-image\" data-id=\"5d33632\" data-element_type=\"widget\" data-e-type=\"widget\" data-widget_type=\"image.default\">\n\t\t\t\t<div class=\"elementor-widget-container\">\n\t\t\t\t\t\t\t\t\t\t\t\t\t\t\t<img fetchpriority=\"high\" decoding=\"async\" width=\"1280\" height=\"1920\" src=\"https:\/\/tanatorioiznajar.com\/wp-content\/uploads\/2023\/03\/flores_escalagrises_floristeria.jpg\" class=\"attachment-full size-full wp-image-180\" alt=\"flores en blanco y negro\" srcset=\"https:\/\/tanatorioiznajar.com\/wp-content\/uploads\/2023\/03\/flores_escalagrises_floristeria.jpg 1280w, https:\/\/tanatorioiznajar.com\/wp-content\/uploads\/2023\/03\/flores_escalagrises_floristeria-200x300.jpg 200w, https:\/\/tanatorioiznajar.com\/wp-content\/uploads\/2023\/03\/flores_escalagrises_floristeria-683x1024.jpg 683w, https:\/\/tanatorioiznajar.com\/wp-content\/uploads\/2023\/03\/flores_escalagrises_floristeria-768x1152.jpg 768w, https:\/\/tanatorioiznajar.com\/wp-content\/uploads\/2023\/03\/flores_escalagrises_floristeria-1024x1536.jpg 1024w\" sizes=\"(max-width: 1280px) 100vw, 1280px\" \/>\t\t\t\t\t\t\t\t\t\t\t\t\t\t\t<\/div>\n\t\t\t\t<\/div>\n\t\t\t\t\t<\/div>\n\t\t<\/div>\n\t\t\t\t\t<\/div>\n\t\t<\/section>\n\t\t\t\t\t<\/div>\n\t\t<\/div>\n\t\t\t\t\t<\/div>\n\t\t<\/section>\n\t\t\t\t<\/div>","protected":false},"excerpt":{"rendered":"<p>Servicio de florister\u00eda Ofrecemos un servicio de florister\u00eda para honrar a su ser querido. En momentos dif\u00edciles, las flores son una manera de expresar amor y respeto. Nosotros nos encargaremos de preparar arreglos florales personalizados y elegantes para acompa\u00f1ar el \u00faltimo adi\u00f3s. Tenemos a su disposici\u00f3n centros, ramos y coronas que pueden encargar por tel\u00e9fono &#8230; <a title=\"Florister\u00eda\" class=\"read-more\" href=\"https:\/\/tanatorioiznajar.com\/en\/floristeria\/\" aria-label=\"Read more about Florister\u00eda\">Read more<\/a><\/p>","protected":false},"author":1,"featured_media":0,"parent":0,"menu_order":0,"comment_status":"closed","ping_status":"closed","template":"","meta":{"_monsterinsights_skip_tracking":false,"_monsterinsights_sitenote_active":false,"_monsterinsights_sitenote_note":"","_monsterinsights_sitenote_category":0,"footnotes":""},"class_list":["post-95","page","type-page","status-publish"],"yoast_head":"<!-- This site is optimized with the Yoast SEO plugin v27.3 - https:\/\/yoast.com\/product\/yoast-seo-wordpress\/ -->\n<title>Florister\u00eda - tanatorioiznajar.com<\/title>\n<meta name=\"description\" content=\"Ofrecemos un servicio de florister\u00eda para honrar a su ser querido. En momentos dif\u00edciles, las flores expresan amor y respeto.\" \/>\n<meta name=\"robots\" content=\"index, follow, max-snippet:-1, max-image-preview:large, max-video-preview:-1\" \/>\n<link rel=\"canonical\" href=\"https:\/\/tanatorioiznajar.com\/en\/floristeria\/\" \/>\n<meta property=\"og:locale\" content=\"en_US\" \/>\n<meta property=\"og:type\" content=\"article\" \/>\n<meta property=\"og:title\" content=\"Florister\u00eda - tanatorioiznajar.com\" \/>\n<meta property=\"og:description\" content=\"Ofrecemos un servicio de florister\u00eda para honrar a su ser querido. En momentos dif\u00edciles, las flores expresan amor y respeto.\" \/>\n<meta property=\"og:url\" content=\"https:\/\/tanatorioiznajar.com\/en\/floristeria\/\" \/>\n<meta property=\"og:site_name\" content=\"tanatorioiznajar.com\" \/>\n<meta property=\"article:publisher\" content=\"https:\/\/www.facebook.com\/tanatoriodeiznajar.funeraria\/\" \/>\n<meta property=\"article:modified_time\" content=\"2023-12-27T18:21:14+00:00\" \/>\n<meta property=\"og:image\" content=\"https:\/\/tanatorioiznajar.com\/wp-content\/uploads\/2023\/03\/flores_escalagrises_floristeria.jpg\" \/>\n<meta name=\"twitter:card\" content=\"summary_large_image\" \/>\n<meta name=\"twitter:label1\" content=\"Est. reading time\" \/>\n\t<meta name=\"twitter:data1\" content=\"1 minute\" \/>\n<script type=\"application\/ld+json\" class=\"yoast-schema-graph\">{\"@context\":\"https:\\\/\\\/schema.org\",\"@graph\":[{\"@type\":\"WebPage\",\"@id\":\"https:\\\/\\\/tanatorioiznajar.com\\\/floristeria\\\/\",\"url\":\"https:\\\/\\\/tanatorioiznajar.com\\\/floristeria\\\/\",\"name\":\"Florister\u00eda - tanatorioiznajar.com\",\"isPartOf\":{\"@id\":\"https:\\\/\\\/tanatorioiznajar.com\\\/#website\"},\"primaryImageOfPage\":{\"@id\":\"https:\\\/\\\/tanatorioiznajar.com\\\/floristeria\\\/#primaryimage\"},\"image\":{\"@id\":\"https:\\\/\\\/tanatorioiznajar.com\\\/floristeria\\\/#primaryimage\"},\"thumbnailUrl\":\"https:\\\/\\\/tanatorioiznajar.com\\\/wp-content\\\/uploads\\\/2023\\\/03\\\/flores_escalagrises_floristeria.jpg\",\"datePublished\":\"2023-03-08T15:08:14+00:00\",\"dateModified\":\"2023-12-27T18:21:14+00:00\",\"description\":\"Ofrecemos un servicio de florister\u00eda para honrar a su ser querido. En momentos dif\u00edciles, las flores expresan amor y respeto.\",\"breadcrumb\":{\"@id\":\"https:\\\/\\\/tanatorioiznajar.com\\\/floristeria\\\/#breadcrumb\"},\"inLanguage\":\"en-US\",\"potentialAction\":[{\"@type\":\"ReadAction\",\"target\":[\"https:\\\/\\\/tanatorioiznajar.com\\\/floristeria\\\/\"]}]},{\"@type\":\"ImageObject\",\"inLanguage\":\"en-US\",\"@id\":\"https:\\\/\\\/tanatorioiznajar.com\\\/floristeria\\\/#primaryimage\",\"url\":\"https:\\\/\\\/tanatorioiznajar.com\\\/wp-content\\\/uploads\\\/2023\\\/03\\\/flores_escalagrises_floristeria.jpg\",\"contentUrl\":\"https:\\\/\\\/tanatorioiznajar.com\\\/wp-content\\\/uploads\\\/2023\\\/03\\\/flores_escalagrises_floristeria.jpg\"},{\"@type\":\"BreadcrumbList\",\"@id\":\"https:\\\/\\\/tanatorioiznajar.com\\\/floristeria\\\/#breadcrumb\",\"itemListElement\":[{\"@type\":\"ListItem\",\"position\":1,\"name\":\"Portada\",\"item\":\"https:\\\/\\\/tanatorioiznajar.com\\\/\"},{\"@type\":\"ListItem\",\"position\":2,\"name\":\"Florister\u00eda\"}]},{\"@type\":\"WebSite\",\"@id\":\"https:\\\/\\\/tanatorioiznajar.com\\\/#website\",\"url\":\"https:\\\/\\\/tanatorioiznajar.com\\\/\",\"name\":\"tanatorioiznajar.com\",\"description\":\"Tanatorio de Izn&aacute;jar\",\"publisher\":{\"@id\":\"https:\\\/\\\/tanatorioiznajar.com\\\/#organization\"},\"potentialAction\":[{\"@type\":\"SearchAction\",\"target\":{\"@type\":\"EntryPoint\",\"urlTemplate\":\"https:\\\/\\\/tanatorioiznajar.com\\\/?s={search_term_string}\"},\"query-input\":{\"@type\":\"PropertyValueSpecification\",\"valueRequired\":true,\"valueName\":\"search_term_string\"}}],\"inLanguage\":\"en-US\"},{\"@type\":\"Organization\",\"@id\":\"https:\\\/\\\/tanatorioiznajar.com\\\/#organization\",\"name\":\"Tanatorio De Izn\u00e1jar Funeraria Ntra. Sra de la Piedad\",\"url\":\"https:\\\/\\\/tanatorioiznajar.com\\\/\",\"logo\":{\"@type\":\"ImageObject\",\"inLanguage\":\"en-US\",\"@id\":\"https:\\\/\\\/tanatorioiznajar.com\\\/#\\\/schema\\\/logo\\\/image\\\/\",\"url\":\"https:\\\/\\\/tanatorioiznajar.com\\\/wp-content\\\/uploads\\\/2023\\\/03\\\/cropped-LOGO.jpg\",\"contentUrl\":\"https:\\\/\\\/tanatorioiznajar.com\\\/wp-content\\\/uploads\\\/2023\\\/03\\\/cropped-LOGO.jpg\",\"width\":1132,\"height\":560,\"caption\":\"Tanatorio De Izn\u00e1jar Funeraria Ntra. Sra de la Piedad\"},\"image\":{\"@id\":\"https:\\\/\\\/tanatorioiznajar.com\\\/#\\\/schema\\\/logo\\\/image\\\/\"},\"sameAs\":[\"https:\\\/\\\/www.facebook.com\\\/tanatoriodeiznajar.funeraria\\\/\"]}]}<\/script>\n<!-- \/ Yoast SEO plugin. -->","yoast_head_json":{"title":"Florister\u00eda - tanatorioiznajar.com","description":"Ofrecemos un servicio de florister\u00eda para honrar a su ser querido. En momentos dif\u00edciles, las flores expresan amor y respeto.","robots":{"index":"index","follow":"follow","max-snippet":"max-snippet:-1","max-image-preview":"max-image-preview:large","max-video-preview":"max-video-preview:-1"},"canonical":"https:\/\/tanatorioiznajar.com\/en\/floristeria\/","og_locale":"en_US","og_type":"article","og_title":"Florister\u00eda - tanatorioiznajar.com","og_description":"Ofrecemos un servicio de florister\u00eda para honrar a su ser querido. En momentos dif\u00edciles, las flores expresan amor y respeto.","og_url":"https:\/\/tanatorioiznajar.com\/en\/floristeria\/","og_site_name":"tanatorioiznajar.com","article_publisher":"https:\/\/www.facebook.com\/tanatoriodeiznajar.funeraria\/","article_modified_time":"2023-12-27T18:21:14+00:00","og_image":[{"url":"https:\/\/tanatorioiznajar.com\/wp-content\/uploads\/2023\/03\/flores_escalagrises_floristeria.jpg","type":"","width":"","height":""}],"twitter_card":"summary_large_image","twitter_misc":{"Est. reading time":"1 minute"},"schema":{"@context":"https:\/\/schema.org","@graph":[{"@type":"WebPage","@id":"https:\/\/tanatorioiznajar.com\/floristeria\/","url":"https:\/\/tanatorioiznajar.com\/floristeria\/","name":"Florister\u00eda - tanatorioiznajar.com","isPartOf":{"@id":"https:\/\/tanatorioiznajar.com\/#website"},"primaryImageOfPage":{"@id":"https:\/\/tanatorioiznajar.com\/floristeria\/#primaryimage"},"image":{"@id":"https:\/\/tanatorioiznajar.com\/floristeria\/#primaryimage"},"thumbnailUrl":"https:\/\/tanatorioiznajar.com\/wp-content\/uploads\/2023\/03\/flores_escalagrises_floristeria.jpg","datePublished":"2023-03-08T15:08:14+00:00","dateModified":"2023-12-27T18:21:14+00:00","description":"Ofrecemos un servicio de florister\u00eda para honrar a su ser querido. En momentos dif\u00edciles, las flores expresan amor y respeto.","breadcrumb":{"@id":"https:\/\/tanatorioiznajar.com\/floristeria\/#breadcrumb"},"inLanguage":"en-US","potentialAction":[{"@type":"ReadAction","target":["https:\/\/tanatorioiznajar.com\/floristeria\/"]}]},{"@type":"ImageObject","inLanguage":"en-US","@id":"https:\/\/tanatorioiznajar.com\/floristeria\/#primaryimage","url":"https:\/\/tanatorioiznajar.com\/wp-content\/uploads\/2023\/03\/flores_escalagrises_floristeria.jpg","contentUrl":"https:\/\/tanatorioiznajar.com\/wp-content\/uploads\/2023\/03\/flores_escalagrises_floristeria.jpg"},{"@type":"BreadcrumbList","@id":"https:\/\/tanatorioiznajar.com\/floristeria\/#breadcrumb","itemListElement":[{"@type":"ListItem","position":1,"name":"Portada","item":"https:\/\/tanatorioiznajar.com\/"},{"@type":"ListItem","position":2,"name":"Florister\u00eda"}]},{"@type":"WebSite","@id":"https:\/\/tanatorioiznajar.com\/#website","url":"https:\/\/tanatorioiznajar.com\/","name":"tanatorioiznajar.com","description":"Tanatorio de Izn&aacute;jar","publisher":{"@id":"https:\/\/tanatorioiznajar.com\/#organization"},"potentialAction":[{"@type":"SearchAction","target":{"@type":"EntryPoint","urlTemplate":"https:\/\/tanatorioiznajar.com\/?s={search_term_string}"},"query-input":{"@type":"PropertyValueSpecification","valueRequired":true,"valueName":"search_term_string"}}],"inLanguage":"en-US"},{"@type":"Organization","@id":"https:\/\/tanatorioiznajar.com\/#organization","name":"Tanatorio De Izn\u00e1jar Funeraria Ntra. Sra de la Piedad","url":"https:\/\/tanatorioiznajar.com\/","logo":{"@type":"ImageObject","inLanguage":"en-US","@id":"https:\/\/tanatorioiznajar.com\/#\/schema\/logo\/image\/","url":"https:\/\/tanatorioiznajar.com\/wp-content\/uploads\/2023\/03\/cropped-LOGO.jpg","contentUrl":"https:\/\/tanatorioiznajar.com\/wp-content\/uploads\/2023\/03\/cropped-LOGO.jpg","width":1132,"height":560,"caption":"Tanatorio De Izn\u00e1jar Funeraria Ntra. Sra de la Piedad"},"image":{"@id":"https:\/\/tanatorioiznajar.com\/#\/schema\/logo\/image\/"},"sameAs":["https:\/\/www.facebook.com\/tanatoriodeiznajar.funeraria\/"]}]}},"_links":{"self":[{"href":"https:\/\/tanatorioiznajar.com\/en\/wp-json\/wp\/v2\/pages\/95","targetHints":{"allow":["GET"]}}],"collection":[{"href":"https:\/\/tanatorioiznajar.com\/en\/wp-json\/wp\/v2\/pages"}],"about":[{"href":"https:\/\/tanatorioiznajar.com\/en\/wp-json\/wp\/v2\/types\/page"}],"author":[{"embeddable":true,"href":"https:\/\/tanatorioiznajar.com\/en\/wp-json\/wp\/v2\/users\/1"}],"replies":[{"embeddable":true,"href":"https:\/\/tanatorioiznajar.com\/en\/wp-json\/wp\/v2\/comments?post=95"}],"version-history":[{"count":72,"href":"https:\/\/tanatorioiznajar.com\/en\/wp-json\/wp\/v2\/pages\/95\/revisions"}],"predecessor-version":[{"id":1889,"href":"https:\/\/tanatorioiznajar.com\/en\/wp-json\/wp\/v2\/pages\/95\/revisions\/1889"}],"wp:attachment":[{"href":"https:\/\/tanatorioiznajar.com\/en\/wp-json\/wp\/v2\/media?parent=95"}],"curies":[{"name":"wp","href":"https:\/\/api.w.org\/{rel}","templated":true}]}}